{"id":23,"date":"2021-12-01T13:08:09","date_gmt":"2021-12-01T13:08:09","guid":{"rendered":"https:\/\/marie-theresemaeder.com\/?page_id=23"},"modified":"2022-06-30T08:55:25","modified_gmt":"2022-06-30T08:55:25","slug":"lehre","status":"publish","type":"page","link":"https:\/\/marie-theresemaeder.com\/en\/lehre\/","title":{"rendered":"Teaching"},"content":{"rendered":"<p class=\"is-layout-flow wp-block-group-is-layout-flow wp-block-column-is-layout-flow\">\u00a0<\/p>\n\n<!-- \/wp:columns -->\n\n<!-- wp:column {\"verticalAlignment\":\"center\",\"width\":\"100%\"} -->\n<!-- wp:group -->\n<!-- wp:paragraph {\"style\":{\"color\":{\"text\":\"#000000\",\"background\":\"#f78da7\"}}} -->\n<p>\u00a0<\/p>\n<!-- \/wp:paragraph -->\n<!-- \/wp:group -->\n\n<!-- wp:columns {\"verticalAlignment\":\"center\",\"align\":\"wide\"} -->\n<!-- wp:column {\"verticalAlignment\":\"center\",\"width\":\"100%\"} -->\n<!-- wp:group -->\n<!-- wp:paragraph {\"style\":{\"color\":{\"text\":\"#000000\",\"background\":\"#f78da7\"}}} -->\n<p>\u00a0<\/p>\n<!-- \/wp:paragraph -->\n<!-- \/wp:columns --><!-- \/wp:post-content --><!-- \/wp:column --><!-- wp:post-content --><h2>Teaching<\/h2>\n<p>Since 2006, I have been teaching regularly at both Bachelor's and Master's level in the subjects of media ethics and religious studies. My distinctly interdisciplinary profile is characterised by research-based teaching and a cultural studies approach to both media and the multi-layered media forms of culture and religion. Interactivity is an essential component of every course, be it a seminar, a lecture, a colloquium or a workshop.<\/p>\n<p><strong>Current Courses<\/strong><br>At the Ludwig-Maximilians-University in Munich (LMU) I teach as a senior lecturer in the study of religion, at the University of Zurich (UZH) in the field of <a href=\"https:\/\/studentservices.uzh.ch\/uzh\/anonym\/vvz\/index.html?sap-language=DE&#038;sap-ui-language=DE#\/details\/2021\/004\/E\/51087917\/50000001\/Theologische%2520Fakult%25C3%25A4t\/50456015\/Master%2520of%2520Arts%2520in%2520Religion%2520%25E2%2580%2593%2520Wirtschaft%2520%25E2%2580%2593%2520Politik%2520(JDP)\/50456016\/Religion%2520%25E2%2580%2593%2520Wirtschaft%2520%25E2%2580%2593%2520Politik\/\/\/50997163\/Vertiefungsmodul%2520Weltgesellschaft%2520und%2520Globalisierung%253A%2520Seminar\">Religion and the Public Sphere<\/a> and Media Ethics at the <a href=\"https:\/\/www.bfh.ch\/de\/ueber-die-bfh\/personen\/vqlcaamsmqsi\/\">universities of applied science Bern (HKB)<\/a> and Grisons (FHGR).<\/p>\n<figure>\n\t\t\t\t\t\t\t\t\t\t<img loading=\"lazy\" decoding=\"async\" width=\"768\" height=\"639\" src=\"https:\/\/marie-theresemaeder.com\/wp-content\/uploads\/2021\/12\/Screenshot-2021-05-31-at-14.57.35-768x639.png\" alt=\"\" srcset=\"https:\/\/marie-theresemaeder.com\/wp-content\/uploads\/2021\/12\/Screenshot-2021-05-31-at-14.57.35-768x639.png 768w, https:\/\/marie-theresemaeder.com\/wp-content\/uploads\/2021\/12\/Screenshot-2021-05-31-at-14.57.35-300x250.png 300w, https:\/\/marie-theresemaeder.com\/wp-content\/uploads\/2021\/12\/Screenshot-2021-05-31-at-14.57.35-1024x852.png 1024w, https:\/\/marie-theresemaeder.com\/wp-content\/uploads\/2021\/12\/Screenshot-2021-05-31-at-14.57.35.png 1194w\" sizes=\"auto, (max-width: 768px) 100vw, 768px\"><figcaption>Online seminary \u201cWhat if God was one of us?\u201d Religion in Popular Culture, university of Zurich, spring semester 2021.<\/figcaption><\/figure>\n\n<!-- wp:group -->\n<figure><\/figure>\n<!-- \/wp:group -->\n\n<!-- wp:group -->\n<div class=\"wp-block-group\"><!-- wp:paragraph -->\n<p>&nbsp;<\/p>\n<!-- \/wp:paragraph --><\/div>\n<!-- \/wp:group -->\n\n<!-- wp:column {\"verticalAlignment\":\"center\",\"width\":\"100%\"} -->\n<!-- wp:group -->\n<!-- wp:paragraph {\"style\":{\"color\":{\"text\":\"#000000\",\"background\":\"#f78da7\"}}} -->\n<p>\u00a0<\/p>\n<!-- \/wp:paragraph -->\n<!-- \/wp:column -->\n\n<!-- wp:columns {\"verticalAlignment\":\"center\",\"align\":\"wide\"} -->\n<!-- wp:column {\"verticalAlignment\":\"center\",\"width\":\"100%\"} -->\n<!-- wp:group -->\n<!-- wp:paragraph {\"style\":{\"color\":{\"text\":\"#000000\",\"background\":\"#f78da7\"}}} -->\n<p>\u00a0<\/p>\n<!-- \/wp:paragraph -->\n<!-- \/wp:columns --><!-- \/wp:post-content -->","protected":false},"excerpt":{"rendered":"<p>Lehre Seit 2006 lehre ich regelm\u00e4\u00dfig sowohl auf Bachelor wie auch auf Masterstufe in den F\u00e4chern Medienethik und Religionswissenschaft. Mein ausgepr\u00e4gt interdisziplin\u00e4r ausgerichtet Profil zeichnet sich durch eine forschungsbasierte Lehre und einen kulturwissenschaftlich ausgerichtetem Zugang sowohl zu Medien als auch zu den vielschichtigen medialen Ausformungen von Kultur aus. Interaktivit\u00e4t stellt einen wesentlichen Bestandteil jeder Lehrveranstaltung [&hellip;]<\/p>\n","protected":false},"author":1,"featured_media":0,"parent":0,"menu_order":0,"comment_status":"closed","ping_status":"closed","template":"","meta":{"footnotes":""},"class_list":["post-23","page","type-page","status-publish","hentry"],"yoast_head":"<!-- This site is optimized with the Yoast SEO plugin v26.7 - https:\/\/yoast.com\/wordpress\/plugins\/seo\/ -->\n<title>Lehre - mtm<\/title>\n<meta name=\"robots\" content=\"index, follow, max-snippet:-1, max-image-preview:large, max-video-preview:-1\" \/>\n<link rel=\"canonical\" href=\"https:\/\/marie-theresemaeder.com\/en\/lehre\/\" \/>\n<meta property=\"og:locale\" content=\"en_GB\" \/>\n<meta property=\"og:type\" content=\"article\" \/>\n<meta property=\"og:title\" content=\"Lehre - mtm\" \/>\n<meta property=\"og:description\" content=\"Lehre Seit 2006 lehre ich regelm\u00e4\u00dfig sowohl auf Bachelor wie auch auf Masterstufe in den F\u00e4chern Medienethik und Religionswissenschaft. Mein ausgepr\u00e4gt interdisziplin\u00e4r ausgerichtet Profil zeichnet sich durch eine forschungsbasierte Lehre und einen kulturwissenschaftlich ausgerichtetem Zugang sowohl zu Medien als auch zu den vielschichtigen medialen Ausformungen von Kultur aus. Interaktivit\u00e4t stellt einen wesentlichen Bestandteil jeder Lehrveranstaltung [&hellip;]\" \/>\n<meta property=\"og:url\" content=\"https:\/\/marie-theresemaeder.com\/en\/lehre\/\" \/>\n<meta property=\"og:site_name\" content=\"mtm\" \/>\n<meta property=\"article:modified_time\" content=\"2022-06-30T08:55:25+00:00\" \/>\n<meta property=\"og:image\" content=\"https:\/\/marie-theresemaeder.com\/wp-content\/uploads\/2021\/12\/Screenshot-2021-05-31-at-14.57.35-768x639.png\" \/>\n<meta name=\"twitter:card\" content=\"summary_large_image\" \/>\n<meta name=\"twitter:label1\" content=\"Estimated reading time\" \/>\n\t<meta name=\"twitter:data1\" content=\"1 minute\" \/>\n<script type=\"application\/ld+json\" class=\"yoast-schema-graph\">{\"@context\":\"https:\/\/schema.org\",\"@graph\":[{\"@type\":\"WebPage\",\"@id\":\"https:\/\/marie-theresemaeder.com\/lehre\/\",\"url\":\"https:\/\/marie-theresemaeder.com\/lehre\/\",\"name\":\"Lehre - mtm\",\"isPartOf\":{\"@id\":\"https:\/\/marie-theresemaeder.com\/#website\"},\"primaryImageOfPage\":{\"@id\":\"https:\/\/marie-theresemaeder.com\/lehre\/#primaryimage\"},\"image\":{\"@id\":\"https:\/\/marie-theresemaeder.com\/lehre\/#primaryimage\"},\"thumbnailUrl\":\"https:\/\/marie-theresemaeder.com\/wp-content\/uploads\/2021\/12\/Screenshot-2021-05-31-at-14.57.35-768x639.png\",\"datePublished\":\"2021-12-01T13:08:09+00:00\",\"dateModified\":\"2022-06-30T08:55:25+00:00\",\"breadcrumb\":{\"@id\":\"https:\/\/marie-theresemaeder.com\/lehre\/#breadcrumb\"},\"inLanguage\":\"en-GB\",\"potentialAction\":[{\"@type\":\"ReadAction\",\"target\":[\"https:\/\/marie-theresemaeder.com\/lehre\/\"]}]},{\"@type\":\"ImageObject\",\"inLanguage\":\"en-GB\",\"@id\":\"https:\/\/marie-theresemaeder.com\/lehre\/#primaryimage\",\"url\":\"https:\/\/marie-theresemaeder.com\/wp-content\/uploads\/2021\/12\/Screenshot-2021-05-31-at-14.57.35-768x639.png\",\"contentUrl\":\"https:\/\/marie-theresemaeder.com\/wp-content\/uploads\/2021\/12\/Screenshot-2021-05-31-at-14.57.35-768x639.png\"},{\"@type\":\"BreadcrumbList\",\"@id\":\"https:\/\/marie-theresemaeder.com\/lehre\/#breadcrumb\",\"itemListElement\":[{\"@type\":\"ListItem\",\"position\":1,\"name\":\"Startseite\",\"item\":\"https:\/\/marie-theresemaeder.com\/\"},{\"@type\":\"ListItem\",\"position\":2,\"name\":\"Lehre\"}]},{\"@type\":\"WebSite\",\"@id\":\"https:\/\/marie-theresemaeder.com\/#website\",\"url\":\"https:\/\/marie-theresemaeder.com\/\",\"name\":\"mtm\",\"description\":\"\",\"publisher\":{\"@id\":\"https:\/\/marie-theresemaeder.com\/#organization\"},\"potentialAction\":[{\"@type\":\"SearchAction\",\"target\":{\"@type\":\"EntryPoint\",\"urlTemplate\":\"https:\/\/marie-theresemaeder.com\/?s={search_term_string}\"},\"query-input\":{\"@type\":\"PropertyValueSpecification\",\"valueRequired\":true,\"valueName\":\"search_term_string\"}}],\"inLanguage\":\"en-GB\"},{\"@type\":\"Organization\",\"@id\":\"https:\/\/marie-theresemaeder.com\/#organization\",\"name\":\"mtm\",\"url\":\"https:\/\/marie-theresemaeder.com\/\",\"logo\":{\"@type\":\"ImageObject\",\"inLanguage\":\"en-GB\",\"@id\":\"https:\/\/marie-theresemaeder.com\/#\/schema\/logo\/image\/\",\"url\":\"https:\/\/marie-theresemaeder.com\/wp-content\/uploads\/2021\/12\/mtm-logo-2-e1765542868459.png\",\"contentUrl\":\"https:\/\/marie-theresemaeder.com\/wp-content\/uploads\/2021\/12\/mtm-logo-2-e1765542868459.png\",\"width\":200,\"height\":75,\"caption\":\"mtm\"},\"image\":{\"@id\":\"https:\/\/marie-theresemaeder.com\/#\/schema\/logo\/image\/\"}}]}<\/script>\n<!-- \/ Yoast SEO plugin. -->","yoast_head_json":{"title":"Lehre - mtm","robots":{"index":"index","follow":"follow","max-snippet":"max-snippet:-1","max-image-preview":"max-image-preview:large","max-video-preview":"max-video-preview:-1"},"canonical":"https:\/\/marie-theresemaeder.com\/en\/lehre\/","og_locale":"en_GB","og_type":"article","og_title":"Lehre - mtm","og_description":"Lehre Seit 2006 lehre ich regelm\u00e4\u00dfig sowohl auf Bachelor wie auch auf Masterstufe in den F\u00e4chern Medienethik und Religionswissenschaft. Mein ausgepr\u00e4gt interdisziplin\u00e4r ausgerichtet Profil zeichnet sich durch eine forschungsbasierte Lehre und einen kulturwissenschaftlich ausgerichtetem Zugang sowohl zu Medien als auch zu den vielschichtigen medialen Ausformungen von Kultur aus. Interaktivit\u00e4t stellt einen wesentlichen Bestandteil jeder Lehrveranstaltung [&hellip;]","og_url":"https:\/\/marie-theresemaeder.com\/en\/lehre\/","og_site_name":"mtm","article_modified_time":"2022-06-30T08:55:25+00:00","og_image":[{"url":"https:\/\/marie-theresemaeder.com\/wp-content\/uploads\/2021\/12\/Screenshot-2021-05-31-at-14.57.35-768x639.png","type":"","width":"","height":""}],"twitter_card":"summary_large_image","twitter_misc":{"Estimated reading time":"1 minute"},"schema":{"@context":"https:\/\/schema.org","@graph":[{"@type":"WebPage","@id":"https:\/\/marie-theresemaeder.com\/lehre\/","url":"https:\/\/marie-theresemaeder.com\/lehre\/","name":"Lehre - mtm","isPartOf":{"@id":"https:\/\/marie-theresemaeder.com\/#website"},"primaryImageOfPage":{"@id":"https:\/\/marie-theresemaeder.com\/lehre\/#primaryimage"},"image":{"@id":"https:\/\/marie-theresemaeder.com\/lehre\/#primaryimage"},"thumbnailUrl":"https:\/\/marie-theresemaeder.com\/wp-content\/uploads\/2021\/12\/Screenshot-2021-05-31-at-14.57.35-768x639.png","datePublished":"2021-12-01T13:08:09+00:00","dateModified":"2022-06-30T08:55:25+00:00","breadcrumb":{"@id":"https:\/\/marie-theresemaeder.com\/lehre\/#breadcrumb"},"inLanguage":"en-GB","potentialAction":[{"@type":"ReadAction","target":["https:\/\/marie-theresemaeder.com\/lehre\/"]}]},{"@type":"ImageObject","inLanguage":"en-GB","@id":"https:\/\/marie-theresemaeder.com\/lehre\/#primaryimage","url":"https:\/\/marie-theresemaeder.com\/wp-content\/uploads\/2021\/12\/Screenshot-2021-05-31-at-14.57.35-768x639.png","contentUrl":"https:\/\/marie-theresemaeder.com\/wp-content\/uploads\/2021\/12\/Screenshot-2021-05-31-at-14.57.35-768x639.png"},{"@type":"BreadcrumbList","@id":"https:\/\/marie-theresemaeder.com\/lehre\/#breadcrumb","itemListElement":[{"@type":"ListItem","position":1,"name":"Startseite","item":"https:\/\/marie-theresemaeder.com\/"},{"@type":"ListItem","position":2,"name":"Lehre"}]},{"@type":"WebSite","@id":"https:\/\/marie-theresemaeder.com\/#website","url":"https:\/\/marie-theresemaeder.com\/","name":"mtm","description":"","publisher":{"@id":"https:\/\/marie-theresemaeder.com\/#organization"},"potentialAction":[{"@type":"SearchAction","target":{"@type":"EntryPoint","urlTemplate":"https:\/\/marie-theresemaeder.com\/?s={search_term_string}"},"query-input":{"@type":"PropertyValueSpecification","valueRequired":true,"valueName":"search_term_string"}}],"inLanguage":"en-GB"},{"@type":"Organization","@id":"https:\/\/marie-theresemaeder.com\/#organization","name":"mtm","url":"https:\/\/marie-theresemaeder.com\/","logo":{"@type":"ImageObject","inLanguage":"en-GB","@id":"https:\/\/marie-theresemaeder.com\/#\/schema\/logo\/image\/","url":"https:\/\/marie-theresemaeder.com\/wp-content\/uploads\/2021\/12\/mtm-logo-2-e1765542868459.png","contentUrl":"https:\/\/marie-theresemaeder.com\/wp-content\/uploads\/2021\/12\/mtm-logo-2-e1765542868459.png","width":200,"height":75,"caption":"mtm"},"image":{"@id":"https:\/\/marie-theresemaeder.com\/#\/schema\/logo\/image\/"}}]}},"_links":{"self":[{"href":"https:\/\/marie-theresemaeder.com\/en\/wp-json\/wp\/v2\/pages\/23","targetHints":{"allow":["GET"]}}],"collection":[{"href":"https:\/\/marie-theresemaeder.com\/en\/wp-json\/wp\/v2\/pages"}],"about":[{"href":"https:\/\/marie-theresemaeder.com\/en\/wp-json\/wp\/v2\/types\/page"}],"author":[{"embeddable":true,"href":"https:\/\/marie-theresemaeder.com\/en\/wp-json\/wp\/v2\/users\/1"}],"replies":[{"embeddable":true,"href":"https:\/\/marie-theresemaeder.com\/en\/wp-json\/wp\/v2\/comments?post=23"}],"version-history":[{"count":40,"href":"https:\/\/marie-theresemaeder.com\/en\/wp-json\/wp\/v2\/pages\/23\/revisions"}],"predecessor-version":[{"id":770,"href":"https:\/\/marie-theresemaeder.com\/en\/wp-json\/wp\/v2\/pages\/23\/revisions\/770"}],"wp:attachment":[{"href":"https:\/\/marie-theresemaeder.com\/en\/wp-json\/wp\/v2\/media?parent=23"}],"curies":[{"name":"wp","href":"https:\/\/api.w.org\/{rel}","templated":true}]}}