{"id":162,"date":"2021-12-27T16:57:46","date_gmt":"2021-12-27T16:57:46","guid":{"rendered":"https:\/\/marie-theresemaeder.com\/?page_id=162"},"modified":"2023-12-01T10:22:32","modified_gmt":"2023-12-01T10:22:32","slug":"wissen-teilen","status":"publish","type":"page","link":"https:\/\/marie-theresemaeder.com\/en\/wissen-teilen\/","title":{"rendered":"Sharing Knowledge"},"content":{"rendered":"<div data-elementor-type=\"wp-page\" data-elementor-id=\"162\" class=\"elementor elementor-162\" data-elementor-post-type=\"page\">\n\t\t\t\t\t\t<section class=\"elementor-section elementor-top-section elementor-element elementor-element-c1c6221 elementor-section-boxed elementor-section-height-default elementor-section-height-default\" data-id=\"c1c6221\" data-element_type=\"section\" data-e-type=\"section\">\n\t\t\t\t\t\t<div class=\"elementor-container elementor-column-gap-default\">\n\t\t\t\t\t<div class=\"elementor-column elementor-col-100 elementor-top-column elementor-element elementor-element-7164d47\" data-id=\"7164d47\" data-element_type=\"column\" data-e-type=\"column\">\n\t\t\t<div class=\"elementor-widget-wrap elementor-element-populated\">\n\t\t\t\t\t\t<div class=\"elementor-element elementor-element-c0dbece elementor-widget elementor-widget-heading\" data-id=\"c0dbece\" data-element_type=\"widget\" data-e-type=\"widget\" data-widget_type=\"heading.default\">\n\t\t\t\t<div class=\"elementor-widget-container\">\n\t\t\t\t\t<h2 class=\"elementor-heading-title elementor-size-default\">Sharing Knowledge<\/h2>\t\t\t\t<\/div>\n\t\t\t\t<\/div>\n\t\t\t\t\t<\/div>\n\t\t<\/div>\n\t\t\t\t\t<\/div>\n\t\t<\/section>\n\t\t\t\t<section class=\"elementor-section elementor-top-section elementor-element elementor-element-53243ce elementor-section-boxed elementor-section-height-default elementor-section-height-default\" data-id=\"53243ce\" data-element_type=\"section\" data-e-type=\"section\">\n\t\t\t\t\t\t<div class=\"elementor-container elementor-column-gap-default\">\n\t\t\t\t\t<div class=\"elementor-column elementor-col-100 elementor-top-column elementor-element elementor-element-ce7e962\" data-id=\"ce7e962\" data-element_type=\"column\" data-e-type=\"column\">\n\t\t\t<div class=\"elementor-widget-wrap elementor-element-populated\">\n\t\t\t\t\t\t<div class=\"elementor-element elementor-element-8c12922 elementor-widget elementor-widget-text-editor\" data-id=\"8c12922\" data-element_type=\"widget\" data-e-type=\"widget\" data-widget_type=\"text-editor.default\">\n\t\t\t\t<div class=\"elementor-widget-container\">\n\t\t\t\t\t\t\t\t\t<p>Ich stehe f\u00fcr Referate, Veranstaltungen, thematische Ausarbeitungen, wissenschaftliche Beratungen, Podiumsdiskussionen, Moderationen von Gespr\u00e4chen \u00fcber Film, Religion oder Medien, Workshops, schriftliche Beitr\u00e4ge\u00a0 und weitere Formen der Wissensvermittlung zur Verf\u00fcgung.<\/p>\t\t\t\t\t\t\t\t<\/div>\n\t\t\t\t<\/div>\n\t\t\t\t\t<\/div>\n\t\t<\/div>\n\t\t\t\t\t<\/div>\n\t\t<\/section>\n\t\t\t\t<section class=\"elementor-section elementor-top-section elementor-element elementor-element-0b66b17 elementor-section-boxed elementor-section-height-default elementor-section-height-default\" data-id=\"0b66b17\" data-element_type=\"section\" data-e-type=\"section\">\n\t\t\t\t\t\t<div class=\"elementor-container elementor-column-gap-default\">\n\t\t\t\t\t<div class=\"elementor-column elementor-col-100 elementor-top-column elementor-element elementor-element-59be6dc\" data-id=\"59be6dc\" data-element_type=\"column\" data-e-type=\"column\">\n\t\t\t<div class=\"elementor-widget-wrap elementor-element-populated\">\n\t\t\t\t\t\t<div class=\"elementor-element elementor-element-b6ad11c elementor-widget elementor-widget-text-editor\" data-id=\"b6ad11c\" data-element_type=\"widget\" data-e-type=\"widget\" data-widget_type=\"text-editor.default\">\n\t\t\t\t<div class=\"elementor-widget-container\">\n\t\t\t\t\t\t\t\t\t<p>Kontakt:<br \/><span style=\"color: var( --e-global-color-text ); font-family: var( --e-global-typography-text-font-family ), Sans-serif; font-size: 1rem; font-weight: var( --e-global-typography-text-font-weight );\">Marie-Therese M\u00e4der<\/span><span style=\"color: var( --e-global-color-text ); font-family: var( --e-global-typography-text-font-family ), Sans-serif; font-size: 1rem; font-weight: var( --e-global-typography-text-font-weight );\"><br \/><\/span><a href=\"mailto:mtm8@hispeed.ch\"><span style=\"color: var( --e-global-color-text ); font-family: var( --e-global-typography-text-font-family ), Sans-serif; font-size: 1rem; font-weight: var( --e-global-typography-text-font-weight );\">mtm8@hispeed.ch<\/span><\/a><\/p>\t\t\t\t\t\t\t\t<\/div>\n\t\t\t\t<\/div>\n\t\t\t\t\t<\/div>\n\t\t<\/div>\n\t\t\t\t\t<\/div>\n\t\t<\/section>\n\t\t\t\t<section class=\"elementor-section elementor-top-section elementor-element elementor-element-9b28bd5 elementor-section-boxed elementor-section-height-default elementor-section-height-default\" data-id=\"9b28bd5\" data-element_type=\"section\" data-e-type=\"section\">\n\t\t\t\t\t\t<div class=\"elementor-container elementor-column-gap-default\">\n\t\t\t\t\t<div class=\"elementor-column elementor-col-50 elementor-top-column elementor-element elementor-element-8c75940\" data-id=\"8c75940\" data-element_type=\"column\" data-e-type=\"column\">\n\t\t\t<div class=\"elementor-widget-wrap elementor-element-populated\">\n\t\t\t\t\t\t<div class=\"elementor-element elementor-element-13b43c2 elementor-widget elementor-widget-image\" data-id=\"13b43c2\" data-element_type=\"widget\" data-e-type=\"widget\" data-widget_type=\"image.default\">\n\t\t\t\t<div class=\"elementor-widget-container\">\n\t\t\t\t\t\t\t\t\t\t\t\t<figure class=\"wp-caption\">\n\t\t\t\t\t\t\t\t\t\t<img fetchpriority=\"high\" decoding=\"async\" width=\"768\" height=\"432\" src=\"https:\/\/marie-theresemaeder.com\/wp-content\/uploads\/2022\/01\/Tagung_Migration_SChwerte18II-768x432.png\" class=\"attachment-medium_large size-medium_large wp-image-691\" alt=\"\" srcset=\"https:\/\/marie-theresemaeder.com\/wp-content\/uploads\/2022\/01\/Tagung_Migration_SChwerte18II-768x432.png 768w, https:\/\/marie-theresemaeder.com\/wp-content\/uploads\/2022\/01\/Tagung_Migration_SChwerte18II-300x169.png 300w, https:\/\/marie-theresemaeder.com\/wp-content\/uploads\/2022\/01\/Tagung_Migration_SChwerte18II-1024x576.png 1024w, https:\/\/marie-theresemaeder.com\/wp-content\/uploads\/2022\/01\/Tagung_Migration_SChwerte18II-1536x864.png 1536w, https:\/\/marie-theresemaeder.com\/wp-content\/uploads\/2022\/01\/Tagung_Migration_SChwerte18II.png 1922w\" sizes=\"(max-width: 768px) 100vw, 768px\" \/>\t\t\t\t\t\t\t\t\t\t\t<figcaption class=\"widget-image-caption wp-caption-text\">Diskussion an der \u00f6ffentlichen Tagung \"Fluchtpunkte. Migration im Film\" der internationalen Forschungsgruppe Film und Theologie, Schwerte (DE), 30.05\u201302.06.2018<\/figcaption>\n\t\t\t\t\t\t\t\t\t\t<\/figure>\n\t\t\t\t\t\t\t\t\t<\/div>\n\t\t\t\t<\/div>\n\t\t\t\t\t<\/div>\n\t\t<\/div>\n\t\t\t\t<div class=\"elementor-column elementor-col-50 elementor-top-column elementor-element elementor-element-119901b\" data-id=\"119901b\" data-element_type=\"column\" data-e-type=\"column\">\n\t\t\t<div class=\"elementor-widget-wrap\">\n\t\t\t\t\t\t\t<\/div>\n\t\t<\/div>\n\t\t\t\t\t<\/div>\n\t\t<\/section>\n\t\t\t\t<\/div>","protected":false},"excerpt":{"rendered":"<p>Wissen teilen Ich stehe f\u00fcr Referate, Veranstaltungen, thematische Ausarbeitungen, wissenschaftliche Beratungen, Podiumsdiskussionen, Moderationen von Gespr\u00e4chen \u00fcber Film, Religion oder Medien, Workshops, schriftliche Beitr\u00e4ge\u00a0 und weitere Formen der Wissensvermittlung zur Verf\u00fcgung. Kontakt:Marie-Therese M\u00e4dermtm8@hispeed.ch Diskussion an der \u00f6ffentlichen Tagung &#8222;Fluchtpunkte. Migration im Film&#8220; der internationalen Forschungsgruppe Film und Theologie, Schwerte (DE), 30.05\u201302.06.2018<\/p>","protected":false},"author":1,"featured_media":0,"parent":0,"menu_order":0,"comment_status":"closed","ping_status":"closed","template":"","meta":{"footnotes":""},"class_list":["post-162","page","type-page","status-publish","hentry"],"yoast_head":"<!-- This site is optimized with the Yoast SEO plugin v26.7 - https:\/\/yoast.com\/wordpress\/plugins\/seo\/ -->\n<title>Wissen teilen - mtm<\/title>\n<meta name=\"robots\" content=\"index, follow, max-snippet:-1, max-image-preview:large, max-video-preview:-1\" \/>\n<link rel=\"canonical\" href=\"https:\/\/marie-theresemaeder.com\/en\/wissen-teilen\/\" \/>\n<meta property=\"og:locale\" content=\"en_GB\" \/>\n<meta property=\"og:type\" content=\"article\" \/>\n<meta property=\"og:title\" content=\"Wissen teilen - mtm\" \/>\n<meta property=\"og:description\" content=\"Wissen teilen Ich stehe f\u00fcr Referate, Veranstaltungen, thematische Ausarbeitungen, wissenschaftliche Beratungen, Podiumsdiskussionen, Moderationen von Gespr\u00e4chen \u00fcber Film, Religion oder Medien, Workshops, schriftliche Beitr\u00e4ge\u00a0 und weitere Formen der Wissensvermittlung zur Verf\u00fcgung. Kontakt:Marie-Therese M\u00e4dermtm8@hispeed.ch Diskussion an der \u00f6ffentlichen Tagung &#8222;Fluchtpunkte. Migration im Film&#8220; der internationalen Forschungsgruppe Film und Theologie, Schwerte (DE), 30.05\u201302.06.2018\" \/>\n<meta property=\"og:url\" content=\"https:\/\/marie-theresemaeder.com\/en\/wissen-teilen\/\" \/>\n<meta property=\"og:site_name\" content=\"mtm\" \/>\n<meta property=\"article:modified_time\" content=\"2023-12-01T10:22:32+00:00\" \/>\n<meta property=\"og:image\" content=\"https:\/\/marie-theresemaeder.com\/wp-content\/uploads\/2022\/01\/Tagung_Migration_SChwerte18II-768x432.png\" \/>\n<meta name=\"twitter:card\" content=\"summary_large_image\" \/>\n<meta name=\"twitter:label1\" content=\"Estimated reading time\" \/>\n\t<meta name=\"twitter:data1\" content=\"1 minute\" \/>\n<script type=\"application\/ld+json\" class=\"yoast-schema-graph\">{\"@context\":\"https:\/\/schema.org\",\"@graph\":[{\"@type\":\"WebPage\",\"@id\":\"https:\/\/marie-theresemaeder.com\/wissen-teilen\/\",\"url\":\"https:\/\/marie-theresemaeder.com\/wissen-teilen\/\",\"name\":\"Wissen teilen - mtm\",\"isPartOf\":{\"@id\":\"https:\/\/marie-theresemaeder.com\/#website\"},\"primaryImageOfPage\":{\"@id\":\"https:\/\/marie-theresemaeder.com\/wissen-teilen\/#primaryimage\"},\"image\":{\"@id\":\"https:\/\/marie-theresemaeder.com\/wissen-teilen\/#primaryimage\"},\"thumbnailUrl\":\"https:\/\/marie-theresemaeder.com\/wp-content\/uploads\/2022\/01\/Tagung_Migration_SChwerte18II-768x432.png\",\"datePublished\":\"2021-12-27T16:57:46+00:00\",\"dateModified\":\"2023-12-01T10:22:32+00:00\",\"breadcrumb\":{\"@id\":\"https:\/\/marie-theresemaeder.com\/wissen-teilen\/#breadcrumb\"},\"inLanguage\":\"en-GB\",\"potentialAction\":[{\"@type\":\"ReadAction\",\"target\":[\"https:\/\/marie-theresemaeder.com\/wissen-teilen\/\"]}]},{\"@type\":\"ImageObject\",\"inLanguage\":\"en-GB\",\"@id\":\"https:\/\/marie-theresemaeder.com\/wissen-teilen\/#primaryimage\",\"url\":\"https:\/\/marie-theresemaeder.com\/wp-content\/uploads\/2022\/01\/Tagung_Migration_SChwerte18II-768x432.png\",\"contentUrl\":\"https:\/\/marie-theresemaeder.com\/wp-content\/uploads\/2022\/01\/Tagung_Migration_SChwerte18II-768x432.png\"},{\"@type\":\"BreadcrumbList\",\"@id\":\"https:\/\/marie-theresemaeder.com\/wissen-teilen\/#breadcrumb\",\"itemListElement\":[{\"@type\":\"ListItem\",\"position\":1,\"name\":\"Startseite\",\"item\":\"https:\/\/marie-theresemaeder.com\/\"},{\"@type\":\"ListItem\",\"position\":2,\"name\":\"Wissen teilen\"}]},{\"@type\":\"WebSite\",\"@id\":\"https:\/\/marie-theresemaeder.com\/#website\",\"url\":\"https:\/\/marie-theresemaeder.com\/\",\"name\":\"mtm\",\"description\":\"\",\"publisher\":{\"@id\":\"https:\/\/marie-theresemaeder.com\/#organization\"},\"potentialAction\":[{\"@type\":\"SearchAction\",\"target\":{\"@type\":\"EntryPoint\",\"urlTemplate\":\"https:\/\/marie-theresemaeder.com\/?s={search_term_string}\"},\"query-input\":{\"@type\":\"PropertyValueSpecification\",\"valueRequired\":true,\"valueName\":\"search_term_string\"}}],\"inLanguage\":\"en-GB\"},{\"@type\":\"Organization\",\"@id\":\"https:\/\/marie-theresemaeder.com\/#organization\",\"name\":\"mtm\",\"url\":\"https:\/\/marie-theresemaeder.com\/\",\"logo\":{\"@type\":\"ImageObject\",\"inLanguage\":\"en-GB\",\"@id\":\"https:\/\/marie-theresemaeder.com\/#\/schema\/logo\/image\/\",\"url\":\"https:\/\/marie-theresemaeder.com\/wp-content\/uploads\/2021\/12\/mtm-logo-2-e1765542868459.png\",\"contentUrl\":\"https:\/\/marie-theresemaeder.com\/wp-content\/uploads\/2021\/12\/mtm-logo-2-e1765542868459.png\",\"width\":200,\"height\":75,\"caption\":\"mtm\"},\"image\":{\"@id\":\"https:\/\/marie-theresemaeder.com\/#\/schema\/logo\/image\/\"}}]}<\/script>\n<!-- \/ Yoast SEO plugin. -->","yoast_head_json":{"title":"Wissen teilen - mtm","robots":{"index":"index","follow":"follow","max-snippet":"max-snippet:-1","max-image-preview":"max-image-preview:large","max-video-preview":"max-video-preview:-1"},"canonical":"https:\/\/marie-theresemaeder.com\/en\/wissen-teilen\/","og_locale":"en_GB","og_type":"article","og_title":"Wissen teilen - mtm","og_description":"Wissen teilen Ich stehe f\u00fcr Referate, Veranstaltungen, thematische Ausarbeitungen, wissenschaftliche Beratungen, Podiumsdiskussionen, Moderationen von Gespr\u00e4chen \u00fcber Film, Religion oder Medien, Workshops, schriftliche Beitr\u00e4ge\u00a0 und weitere Formen der Wissensvermittlung zur Verf\u00fcgung. Kontakt:Marie-Therese M\u00e4dermtm8@hispeed.ch Diskussion an der \u00f6ffentlichen Tagung &#8222;Fluchtpunkte. Migration im Film&#8220; der internationalen Forschungsgruppe Film und Theologie, Schwerte (DE), 30.05\u201302.06.2018","og_url":"https:\/\/marie-theresemaeder.com\/en\/wissen-teilen\/","og_site_name":"mtm","article_modified_time":"2023-12-01T10:22:32+00:00","og_image":[{"url":"https:\/\/marie-theresemaeder.com\/wp-content\/uploads\/2022\/01\/Tagung_Migration_SChwerte18II-768x432.png","type":"","width":"","height":""}],"twitter_card":"summary_large_image","twitter_misc":{"Estimated reading time":"1 minute"},"schema":{"@context":"https:\/\/schema.org","@graph":[{"@type":"WebPage","@id":"https:\/\/marie-theresemaeder.com\/wissen-teilen\/","url":"https:\/\/marie-theresemaeder.com\/wissen-teilen\/","name":"Wissen teilen - mtm","isPartOf":{"@id":"https:\/\/marie-theresemaeder.com\/#website"},"primaryImageOfPage":{"@id":"https:\/\/marie-theresemaeder.com\/wissen-teilen\/#primaryimage"},"image":{"@id":"https:\/\/marie-theresemaeder.com\/wissen-teilen\/#primaryimage"},"thumbnailUrl":"https:\/\/marie-theresemaeder.com\/wp-content\/uploads\/2022\/01\/Tagung_Migration_SChwerte18II-768x432.png","datePublished":"2021-12-27T16:57:46+00:00","dateModified":"2023-12-01T10:22:32+00:00","breadcrumb":{"@id":"https:\/\/marie-theresemaeder.com\/wissen-teilen\/#breadcrumb"},"inLanguage":"en-GB","potentialAction":[{"@type":"ReadAction","target":["https:\/\/marie-theresemaeder.com\/wissen-teilen\/"]}]},{"@type":"ImageObject","inLanguage":"en-GB","@id":"https:\/\/marie-theresemaeder.com\/wissen-teilen\/#primaryimage","url":"https:\/\/marie-theresemaeder.com\/wp-content\/uploads\/2022\/01\/Tagung_Migration_SChwerte18II-768x432.png","contentUrl":"https:\/\/marie-theresemaeder.com\/wp-content\/uploads\/2022\/01\/Tagung_Migration_SChwerte18II-768x432.png"},{"@type":"BreadcrumbList","@id":"https:\/\/marie-theresemaeder.com\/wissen-teilen\/#breadcrumb","itemListElement":[{"@type":"ListItem","position":1,"name":"Startseite","item":"https:\/\/marie-theresemaeder.com\/"},{"@type":"ListItem","position":2,"name":"Wissen teilen"}]},{"@type":"WebSite","@id":"https:\/\/marie-theresemaeder.com\/#website","url":"https:\/\/marie-theresemaeder.com\/","name":"mtm","description":"","publisher":{"@id":"https:\/\/marie-theresemaeder.com\/#organization"},"potentialAction":[{"@type":"SearchAction","target":{"@type":"EntryPoint","urlTemplate":"https:\/\/marie-theresemaeder.com\/?s={search_term_string}"},"query-input":{"@type":"PropertyValueSpecification","valueRequired":true,"valueName":"search_term_string"}}],"inLanguage":"en-GB"},{"@type":"Organization","@id":"https:\/\/marie-theresemaeder.com\/#organization","name":"mtm","url":"https:\/\/marie-theresemaeder.com\/","logo":{"@type":"ImageObject","inLanguage":"en-GB","@id":"https:\/\/marie-theresemaeder.com\/#\/schema\/logo\/image\/","url":"https:\/\/marie-theresemaeder.com\/wp-content\/uploads\/2021\/12\/mtm-logo-2-e1765542868459.png","contentUrl":"https:\/\/marie-theresemaeder.com\/wp-content\/uploads\/2021\/12\/mtm-logo-2-e1765542868459.png","width":200,"height":75,"caption":"mtm"},"image":{"@id":"https:\/\/marie-theresemaeder.com\/#\/schema\/logo\/image\/"}}]}},"_links":{"self":[{"href":"https:\/\/marie-theresemaeder.com\/en\/wp-json\/wp\/v2\/pages\/162","targetHints":{"allow":["GET"]}}],"collection":[{"href":"https:\/\/marie-theresemaeder.com\/en\/wp-json\/wp\/v2\/pages"}],"about":[{"href":"https:\/\/marie-theresemaeder.com\/en\/wp-json\/wp\/v2\/types\/page"}],"author":[{"embeddable":true,"href":"https:\/\/marie-theresemaeder.com\/en\/wp-json\/wp\/v2\/users\/1"}],"replies":[{"embeddable":true,"href":"https:\/\/marie-theresemaeder.com\/en\/wp-json\/wp\/v2\/comments?post=162"}],"version-history":[{"count":31,"href":"https:\/\/marie-theresemaeder.com\/en\/wp-json\/wp\/v2\/pages\/162\/revisions"}],"predecessor-version":[{"id":881,"href":"https:\/\/marie-theresemaeder.com\/en\/wp-json\/wp\/v2\/pages\/162\/revisions\/881"}],"wp:attachment":[{"href":"https:\/\/marie-theresemaeder.com\/en\/wp-json\/wp\/v2\/media?parent=162"}],"curies":[{"name":"wp","href":"https:\/\/api.w.org\/{rel}","templated":true}]}}